{"id":5422,"date":"2015-03-12T14:52:34","date_gmt":"2015-03-12T14:52:34","guid":{"rendered":"https:\/\/arkespace.com\/?page_id=5422"},"modified":"2023-02-01T16:37:32","modified_gmt":"2023-02-01T16:37:32","slug":"arkespaceabout","status":"publish","type":"page","link":"https:\/\/arkespace.com\/?page_id=5422&lang=fr","title":{"rendered":"\u00c0 propos de nous &#8211; old"},"content":{"rendered":"<section class=\"wpb-content-wrapper\"><p>[vc_row][vc_column reveal_effect=&#8221;fadeIn&#8221; reveal_duration=&#8221;0.7&#8243; reveal_delay=&#8221;0.1&#8243;][lab_heading title_tag=&#8221;H1&#8243; title=&#8221;\u00e0 propos de nous&#8221;][\/lab_heading][\/vc_column][\/vc_row][vc_row][vc_column][vc_column_text]<b>arkEspace<\/b> est un studio d\u2019architecture offrant une panoplie de services architecturaux. De la conception \u00e0 la livraison d\u2019un \u00e9difice \u00e0 usage d\u2019habitation, de travail ou de loisir, \u00e0 la r\u00e9novation, la r\u00e9habilitation ou l\u2019am\u00e9nagement de constructions existantes, nous cr\u00e9ons pour et avec vous.<\/p>\n<p>Notre vision est celle d\u2019une architecture soucieuse d\u2019humanit\u00e9 et respectueuse de l\u2019environnement qui apporte harmonie et plaisir aux espaces que nous investissons. Les relations sinc\u00e8res et constructives que nous forgeons avec nos clients permettent une red\u00e9finition continue du processus de cr\u00e9ation pour l\u2019ajuster au plus pr\u00e8s de leurs besoins et de leurs attentes. Le client est au c\u0153ur du processus cr\u00e9atif, que ce soit dans le choix des mat\u00e9riaux, de l\u2019ambiance conceptuelle du design et dans l\u2019incarnation ultime de leur vision.<\/p>\n<p>Caroline Osewe dirige arkEspace apr\u00e8s un parcours d\u2019\u00e9tudes et de pratique de l\u2019architecture au Royaume-Uni. Elle s\u2019appuie sur une vaste exp\u00e9rience de projets r\u00e9sidentiels, collectifs et publics au Royaume-Uni et en France. Elle est inscrite \u00e0 l\u2019Ordre des architectes Auvergne-Rh\u00f4ne-Alpes.<\/p>\n<p><b>rencontrer caroline osewe&#8230;<\/b>[\/vc_column_text][vc_video link=&#8221;https:\/\/youtu.be\/lD1SgkV_reA&#8221;][vc_column_text]entretien avec l\u2019\u00e9cole locale, coll\u00e8ge marcel anthonioz, divonne-les-bains [\/vc_column_text][\/vc_column][\/vc_row]<\/p>\n<\/section>","protected":false},"excerpt":{"rendered":"<p>[vc_row][vc_column reveal_effect=&#8221;fadeIn&#8221; reveal_duration=&#8221;0.7&#8243; reveal_delay=&#8221;0.1&#8243;][lab_heading title_tag=&#8221;H1&#8243; title=&#8221;\u00e0 propos de nous&#8221;][\/lab_heading][\/vc_column][\/vc_row][vc_row][vc_column][vc_column_text]arkEspace est un studio d\u2019architecture offrant une panoplie de services architecturaux. De la conception \u00e0 la livraison d\u2019un \u00e9difice \u00e0 usage d\u2019habitation, de travail ou de loisir, \u00e0 la r\u00e9novation, la r\u00e9habilitation ou l\u2019am\u00e9nagement de constructions existantes, nous cr\u00e9ons pour et avec vous. Notre vision est celle&hellip;<\/p>\n","protected":false},"author":1,"featured_media":5510,"parent":0,"menu_order":0,"comment_status":"open","ping_status":"open","template":"","meta":{"inline_featured_image":false},"acf":[],"_links":{"self":[{"href":"https:\/\/arkespace.com\/index.php?rest_route=\/wp\/v2\/pages\/5422"}],"collection":[{"href":"https:\/\/arkespace.com\/index.php?rest_route=\/wp\/v2\/pages"}],"about":[{"href":"https:\/\/arkespace.com\/index.php?rest_route=\/wp\/v2\/types\/page"}],"author":[{"embeddable":true,"href":"https:\/\/arkespace.com\/index.php?rest_route=\/wp\/v2\/users\/1"}],"replies":[{"embeddable":true,"href":"https:\/\/arkespace.com\/index.php?rest_route=%2Fwp%2Fv2%2Fcomments&post=5422"}],"version-history":[{"count":8,"href":"https:\/\/arkespace.com\/index.php?rest_route=\/wp\/v2\/pages\/5422\/revisions"}],"predecessor-version":[{"id":5708,"href":"https:\/\/arkespace.com\/index.php?rest_route=\/wp\/v2\/pages\/5422\/revisions\/5708"}],"wp:featuredmedia":[{"embeddable":true,"href":"https:\/\/arkespace.com\/index.php?rest_route=\/wp\/v2\/media\/5510"}],"wp:attachment":[{"href":"https:\/\/arkespace.com\/index.php?rest_route=%2Fwp%2Fv2%2Fmedia&parent=5422"}],"curies":[{"name":"wp","href":"https:\/\/api.w.org\/{rel}","templated":true}]}}