{"id":5438,"date":"2023-01-06T22:30:16","date_gmt":"2023-01-06T22:30:16","guid":{"rendered":"https:\/\/arkespace.com\/?page_id=5438"},"modified":"2023-01-23T13:16:25","modified_gmt":"2023-01-23T13:16:25","slug":"projectosewe","status":"publish","type":"page","link":"https:\/\/arkespace.com\/?page_id=5438&lang=fr","title":{"rendered":"frprojectOsewe"},"content":{"rendered":"<section class=\"wpb-content-wrapper\"><p>[vc_row full_width=&#8221;stretch_row_content_no_spaces&#8221; no_bottom_margin=&#8221;yes&#8221;][vc_column]\t\t\t<script src=\"\/\/arkespace.com\/wp\/wp-content\/plugins\/revslider\/public\/assets\/js\/rbtools.min.js?rev=6.6.10\"><\/script>\n\t\t\t<script src=\"\/\/arkespace.com\/wp\/wp-content\/plugins\/revslider\/public\/assets\/js\/rs6.min.js?rev=6.6.10\"><\/script>\n\n\t\t\t<!-- START projectOsewe REVOLUTION SLIDER 6.6.10 --><p class=\"rs-p-wp-fix\"><\/p>\n\t\t\t<rs-module-wrap id=\"rev_slider_10_1_wrapper\" data-source=\"gallery\" style=\"visibility:hidden;background:#eeeeee;padding:0;margin:0px auto;margin-top:0;margin-bottom:0;\">\n\t\t\t\t<rs-module id=\"rev_slider_10_1\" style=\"\" data-version=\"6.6.10\">\n\t\t\t\t\t<rs-slides style=\"overflow: hidden; position: absolute;\">\n\t\t\t\t\t\t<rs-slide style=\"position: absolute;\" data-key=\"rs-58\" data-title=\"OD-4\" data-thumb=\"\/\/arkespace.com\/wp\/wp-content\/uploads\/2023\/01\/OD4-scaled-300x150.jpg\" data-duration=\"6000ms\" data-in=\"o:0;\" data-out=\"a:false;\">\n\t\t\t\t\t\t\t<img src=\"\/\/arkespace.com\/wp\/wp-content\/plugins\/revslider\/public\/assets\/assets\/dummy.png\" alt=\"\" title=\"OD4\" width=\"2560\" height=\"1622\" class=\"rev-slidebg tp-rs-img rs-lazyload\" data-lazyload=\"\/\/arkespace.com\/wp\/wp-content\/uploads\/2023\/01\/OD4-scaled.jpg\" data-bg=\"p:center top;\" data-no-retina>\n<!---->\t\t\t\t\t\t<\/rs-slide>\n\t\t\t\t\t\t<rs-slide style=\"position: absolute;\" data-key=\"rs-55\" data-title=\"OD-1\" data-thumb=\"\/\/arkespace.com\/wp\/wp-content\/uploads\/2022\/12\/interiors-Caroline-26cat-300x150.jpg\" data-duration=\"6000ms\" data-anim=\"ms:500;\" data-in=\"o:0;\" data-out=\"a:false;\">\n\t\t\t\t\t\t\t<img src=\"\/\/arkespace.com\/wp\/wp-content\/plugins\/revslider\/public\/assets\/assets\/dummy.png\" alt=\"\" title=\"interiors-Caroline-26cat\" width=\"2000\" height=\"1000\" class=\"rev-slidebg tp-rs-img rs-lazyload\" data-lazyload=\"\/\/arkespace.com\/wp\/wp-content\/uploads\/2022\/12\/interiors-Caroline-26cat.jpg\" data-no-retina>\n<!---->\t\t\t\t\t\t<\/rs-slide>\n\t\t\t\t\t\t<rs-slide style=\"position: absolute;\" data-key=\"rs-56\" data-title=\"OD-2\" data-thumb=\"\/\/arkespace.com\/wp\/wp-content\/uploads\/2023\/01\/OD2narrow-scaled-300x150.jpg\" data-duration=\"6000ms\" data-anim=\"ms:500;\" data-in=\"o:0;\" data-out=\"a:false;\">\n\t\t\t\t\t\t\t<img src=\"\/\/arkespace.com\/wp\/wp-content\/plugins\/revslider\/public\/assets\/assets\/dummy.png\" alt=\"\" title=\"OD2narrow\" width=\"2560\" height=\"1548\" class=\"rev-slidebg tp-rs-img rs-lazyload\" data-lazyload=\"\/\/arkespace.com\/wp\/wp-content\/uploads\/2023\/01\/OD2narrow-scaled.jpg\" data-bg=\"p:center top;\" data-no-retina>\n<!---->\t\t\t\t\t\t<\/rs-slide>\n\t\t\t\t\t\t<rs-slide style=\"position: absolute;\" data-key=\"rs-57\" data-title=\"OD-3\" data-thumb=\"\/\/arkespace.com\/wp\/wp-content\/uploads\/2023\/01\/OD3narrow-scaled-300x150.jpg\" data-duration=\"6000ms\" data-in=\"o:0;\" data-out=\"a:false;\">\n\t\t\t\t\t\t\t<img src=\"\/\/arkespace.com\/wp\/wp-content\/plugins\/revslider\/public\/assets\/assets\/dummy.png\" alt=\"\" title=\"OD3narrow\" width=\"2560\" height=\"1548\" class=\"rev-slidebg tp-rs-img rs-lazyload\" data-lazyload=\"\/\/arkespace.com\/wp\/wp-content\/uploads\/2023\/01\/OD3narrow-scaled.jpg\" data-no-retina>\n<!---->\t\t\t\t\t\t<\/rs-slide>\n\t\t\t\t\t\t<rs-slide style=\"position: absolute;\" data-key=\"rs-59\" data-title=\"OD-5\" data-thumb=\"\/\/arkespace.com\/wp\/wp-content\/uploads\/2023\/01\/OD5-300x150.jpg\" data-duration=\"6000ms\" data-anim=\"ms:500;\" data-in=\"o:0;\" data-out=\"a:false;\">\n\t\t\t\t\t\t\t<img src=\"\/\/arkespace.com\/wp\/wp-content\/plugins\/revslider\/public\/assets\/assets\/dummy.png\" alt=\"\" title=\"OD5\" width=\"2480\" height=\"1653\" class=\"rev-slidebg tp-rs-img rs-lazyload\" data-lazyload=\"\/\/arkespace.com\/wp\/wp-content\/uploads\/2023\/01\/OD5.jpg\" data-no-retina>\n<!---->\t\t\t\t\t\t<\/rs-slide>\n\t\t\t\t\t\t<rs-slide style=\"position: absolute;\" data-key=\"rs-60\" data-title=\"OD-6\" data-thumb=\"\/\/arkespace.com\/wp\/wp-content\/uploads\/2023\/01\/OD6-300x150.jpg\" data-duration=\"6000ms\" data-in=\"o:0;\" data-out=\"a:false;\">\n\t\t\t\t\t\t\t<img src=\"\/\/arkespace.com\/wp\/wp-content\/plugins\/revslider\/public\/assets\/assets\/dummy.png\" alt=\"\" title=\"OD6\" width=\"2480\" height=\"1653\" class=\"rev-slidebg tp-rs-img rs-lazyload\" data-lazyload=\"\/\/arkespace.com\/wp\/wp-content\/uploads\/2023\/01\/OD6.jpg\" data-no-retina>\n<!---->\t\t\t\t\t\t<\/rs-slide>\n\t\t\t\t\t\t<rs-slide style=\"position: absolute;\" data-key=\"rs-61\" data-title=\"OD-7\" data-thumb=\"\/\/arkespace.com\/wp\/wp-content\/uploads\/2023\/01\/OD7-300x150.jpg\" data-duration=\"6000ms\" data-in=\"o:0;\" data-out=\"a:false;\">\n\t\t\t\t\t\t\t<img src=\"\/\/arkespace.com\/wp\/wp-content\/plugins\/revslider\/public\/assets\/assets\/dummy.png\" alt=\"\" title=\"OD7\" width=\"2480\" height=\"1653\" class=\"rev-slidebg tp-rs-img rs-lazyload\" data-lazyload=\"\/\/arkespace.com\/wp\/wp-content\/uploads\/2023\/01\/OD7.jpg\" data-no-retina>\n<!---->\t\t\t\t\t\t<\/rs-slide>\n\t\t\t\t\t\t<rs-slide style=\"position: absolute;\" data-key=\"rs-62\" data-title=\"OD-8\" data-thumb=\"\/\/arkespace.com\/wp\/wp-content\/uploads\/2023\/01\/OD8-300x150.jpg\" data-duration=\"6000ms\" data-in=\"o:0;\" data-out=\"a:false;\">\n\t\t\t\t\t\t\t<img src=\"\/\/arkespace.com\/wp\/wp-content\/plugins\/revslider\/public\/assets\/assets\/dummy.png\" alt=\"\" title=\"OD8\" width=\"2480\" height=\"1653\" class=\"rev-slidebg tp-rs-img rs-lazyload\" data-lazyload=\"\/\/arkespace.com\/wp\/wp-content\/uploads\/2023\/01\/OD8.jpg\" data-bg=\"p:center top;\" data-no-retina>\n<!---->\t\t\t\t\t\t<\/rs-slide>\n\t\t\t\t\t\t<rs-slide style=\"position: absolute;\" data-key=\"rs-63\" data-title=\"OD-9\" data-thumb=\"\/\/arkespace.com\/wp\/wp-content\/uploads\/2023\/01\/OD9narrow-1-scaled-300x150.jpg\" data-duration=\"6000ms\" data-in=\"o:0;\" data-out=\"a:false;\">\n\t\t\t\t\t\t\t<img src=\"\/\/arkespace.com\/wp\/wp-content\/plugins\/revslider\/public\/assets\/assets\/dummy.png\" alt=\"\" title=\"OD9narrow\" width=\"2560\" height=\"1548\" class=\"rev-slidebg tp-rs-img rs-lazyload\" data-lazyload=\"\/\/arkespace.com\/wp\/wp-content\/uploads\/2023\/01\/OD9narrow-1-scaled.jpg\" data-bg=\"p:center top;\" data-no-retina>\n<!---->\t\t\t\t\t\t<\/rs-slide>\n\t\t\t\t\t\t<rs-slide style=\"position: absolute;\" data-key=\"rs-64\" data-title=\"OD-10\" data-thumb=\"\/\/arkespace.com\/wp\/wp-content\/uploads\/2023\/01\/OD10narrow-1-scaled-300x150.jpg\" data-duration=\"6000ms\" data-in=\"o:0;\" data-out=\"a:false;\">\n\t\t\t\t\t\t\t<img src=\"\/\/arkespace.com\/wp\/wp-content\/plugins\/revslider\/public\/assets\/assets\/dummy.png\" alt=\"\" title=\"OD10narrow\" width=\"2560\" height=\"1548\" class=\"rev-slidebg tp-rs-img rs-lazyload\" data-lazyload=\"\/\/arkespace.com\/wp\/wp-content\/uploads\/2023\/01\/OD10narrow-1-scaled.jpg\" data-bg=\"p:center top;\" data-no-retina>\n<!---->\t\t\t\t\t\t<\/rs-slide>\n\t\t\t\t\t\t<rs-slide style=\"position: absolute;\" data-key=\"rs-65\" data-title=\"OD-11\" data-thumb=\"\/\/arkespace.com\/wp\/wp-content\/uploads\/2023\/01\/OD11-300x150.jpg\" data-duration=\"6000ms\" data-in=\"o:0;\" data-out=\"a:false;\">\n\t\t\t\t\t\t\t<img src=\"\/\/arkespace.com\/wp\/wp-content\/plugins\/revslider\/public\/assets\/assets\/dummy.png\" alt=\"\" title=\"OD11\" width=\"2480\" height=\"1653\" class=\"rev-slidebg tp-rs-img rs-lazyload\" data-lazyload=\"\/\/arkespace.com\/wp\/wp-content\/uploads\/2023\/01\/OD11.jpg\" data-bg=\"p:center top;\" data-no-retina>\n<!---->\t\t\t\t\t\t<\/rs-slide>\n\t\t\t\t\t\t<rs-slide style=\"position: absolute;\" data-key=\"rs-66\" data-title=\"OD-12\" data-thumb=\"\/\/arkespace.com\/wp\/wp-content\/uploads\/2023\/01\/OD12-300x150.jpg\" data-duration=\"6000ms\" data-in=\"o:0;\" data-out=\"a:false;\">\n\t\t\t\t\t\t\t<img src=\"\/\/arkespace.com\/wp\/wp-content\/plugins\/revslider\/public\/assets\/assets\/dummy.png\" alt=\"\" title=\"OD12\" width=\"2480\" height=\"1653\" class=\"rev-slidebg tp-rs-img rs-lazyload\" data-lazyload=\"\/\/arkespace.com\/wp\/wp-content\/uploads\/2023\/01\/OD12.jpg\" data-bg=\"p:center top;\" data-no-retina>\n<!---->\t\t\t\t\t\t<\/rs-slide>\n\t\t\t\t\t\t<rs-slide style=\"position: absolute;\" data-key=\"rs-69\" data-title=\"OD-15\" data-thumb=\"\/\/arkespace.com\/wp\/wp-content\/uploads\/2023\/01\/OD15-300x150.jpg\" data-duration=\"6000ms\" data-in=\"o:0;\" data-out=\"a:false;\">\n\t\t\t\t\t\t\t<img src=\"\/\/arkespace.com\/wp\/wp-content\/plugins\/revslider\/public\/assets\/assets\/dummy.png\" alt=\"\" title=\"OD15\" width=\"2480\" height=\"1653\" class=\"rev-slidebg tp-rs-img rs-lazyload\" data-lazyload=\"\/\/arkespace.com\/wp\/wp-content\/uploads\/2023\/01\/OD15.jpg\" data-bg=\"p:center top;\" data-no-retina>\n<!---->\t\t\t\t\t\t<\/rs-slide>\n\t\t\t\t\t\t<rs-slide style=\"position: absolute;\" data-key=\"rs-70\" data-title=\"OD-16\" data-thumb=\"\/\/arkespace.com\/wp\/wp-content\/uploads\/2023\/01\/OD16-300x150.jpg\" data-duration=\"6000ms\" data-in=\"o:0;\" data-out=\"a:false;\">\n\t\t\t\t\t\t\t<img src=\"\/\/arkespace.com\/wp\/wp-content\/plugins\/revslider\/public\/assets\/assets\/dummy.png\" alt=\"\" title=\"OD16\" width=\"2480\" height=\"1653\" class=\"rev-slidebg tp-rs-img rs-lazyload\" data-lazyload=\"\/\/arkespace.com\/wp\/wp-content\/uploads\/2023\/01\/OD16.jpg\" data-bg=\"p:center top;\" data-no-retina>\n<!---->\t\t\t\t\t\t<\/rs-slide>\n\t\t\t\t\t<\/rs-slides>\n\t\t\t\t<\/rs-module>\n\t\t\t\t<script>\n\t\t\t\t\tsetREVStartSize({c: 'rev_slider_10_1',rl:[1240,1024,778,480],el:[700,650,650,300],gw:[1140,1024,778,480],gh:[700,650,650,300],type:'standard',justify:'',layout:'fullwidth',mh:\"700\"});if (window.RS_MODULES!==undefined && window.RS_MODULES.modules!==undefined && window.RS_MODULES.modules[\"revslider101\"]!==undefined) {window.RS_MODULES.modules[\"revslider101\"].once = false;window.revapi10 = undefined;if (window.RS_MODULES.checkMinimal!==undefined) window.RS_MODULES.checkMinimal()}\n\t\t\t\t<\/script>\n\t\t\t<\/rs-module-wrap>\n\t\t\t<!-- END REVOLUTION SLIDER -->\n[vc_row_inner el_class=&#8221;homepage-service&#8221; css=&#8221;.vc_custom_1673050843925{margin-top: 0px !important;margin-right: 0px !important;margin-bottom: 0px !important;margin-left: 0px !important;}&#8221;][vc_column_inner width=&#8221;1\/2&#8243;][vc_column_text css=&#8221;.vc_custom_1674479781365{border-top-width: 0px !important;border-right-width: 0px !important;border-bottom-width: 0px !important;border-left-width: 0px !important;}&#8221;]<\/p>\n<h4 style=\"text-align: left;\"><strong>projet osewe-davis, divonne (france)<\/strong><\/h4>\n<p>[\/vc_column_text][\/vc_column_inner][\/vc_row_inner][\/vc_column][\/vc_row][vc_row full_width=&#8221;stretch_row&#8221; content_placement=&#8221;top&#8221; css=&#8221;.vc_custom_1673011299601{margin-bottom: 0px !important;border-bottom-width: 1px !important;background-color: #222222 !important;border-bottom-color: #333333 !important;border-bottom-style: solid !important;}&#8221; el_class=&#8221;homepage-service&#8221;][vc_column width=&#8221;1\/2&#8243; css=&#8221;.vc_custom_1526649829873{padding-top: 0px !important;}&#8221;][vc_column_text css=&#8221;.vc_custom_1674335387914{margin-bottom: 0px !important;padding-top: 0px !important;}&#8221;]<span style=\"color: #999999;\">Une habitation familiale \u00e9rig\u00e9e sur un site vierge au pied du Mont Mussy. Cette maison de ville dispose d\u2019une forte emprise sur la rue tout en jouissant d\u2019une orientation majeure tr\u00e8s priv\u00e9e c\u00f4t\u00e9 jardin et d\u2019une vue d\u00e9gag\u00e9e. L\u2019\u00e9troitesse du terrain a suscit\u00e9 naturellement une structure allong\u00e9e o\u00f9 la verticalit\u00e9 de la fa\u00e7ade \u00e0 pignons contraste \u00e9l\u00e9gamment avec l\u2019horizontalit\u00e9 dominante de la fa\u00e7ade principale qui abrite les espaces de repas et de s\u00e9jour.<\/span>[\/vc_column_text][\/vc_column][\/vc_row]<\/p>\n<\/section>","protected":false},"excerpt":{"rendered":"<p>[vc_row full_width=&#8221;stretch_row_content_no_spaces&#8221; no_bottom_margin=&#8221;yes&#8221;][vc_column][vc_row_inner el_class=&#8221;homepage-service&#8221; css=&#8221;.vc_custom_1673050843925{margin-top: 0px !important;margin-right: 0px !important;margin-bottom: 0px !important;margin-left: 0px !important;}&#8221;][vc_column_inner width=&#8221;1\/2&#8243;][vc_column_text css=&#8221;.vc_custom_1674479781365{border-top-width: 0px !important;border-right-width: 0px !important;border-bottom-width: 0px !important;border-left-width: 0px !important;}&#8221;] projet osewe-davis, divonne (france) [\/vc_column_text][\/vc_column_inner][\/vc_row_inner][\/vc_column][\/vc_row][vc_row full_width=&#8221;stretch_row&#8221; content_placement=&#8221;top&#8221; css=&#8221;.vc_custom_1673011299601{margin-bottom: 0px !important;border-bottom-width: 1px !important;background-color: #222222 !important;border-bottom-color: #333333 !important;border-bottom-style: solid !important;}&#8221; el_class=&#8221;homepage-service&#8221;][vc_column width=&#8221;1\/2&#8243; css=&#8221;.vc_custom_1526649829873{padding-top: 0px !important;}&#8221;][vc_column_text css=&#8221;.vc_custom_1674335387914{margin-bottom: 0px !important;padding-top: 0px !important;}&#8221;]Une habitation familiale \u00e9rig\u00e9e sur&hellip;<\/p>\n","protected":false},"author":1,"featured_media":5510,"parent":0,"menu_order":0,"comment_status":"closed","ping_status":"closed","template":"","meta":{"inline_featured_image":false},"acf":[],"_links":{"self":[{"href":"https:\/\/arkespace.com\/index.php?rest_route=\/wp\/v2\/pages\/5438"}],"collection":[{"href":"https:\/\/arkespace.com\/index.php?rest_route=\/wp\/v2\/pages"}],"about":[{"href":"https:\/\/arkespace.com\/index.php?rest_route=\/wp\/v2\/types\/page"}],"author":[{"embeddable":true,"href":"https:\/\/arkespace.com\/index.php?rest_route=\/wp\/v2\/users\/1"}],"replies":[{"embeddable":true,"href":"https:\/\/arkespace.com\/index.php?rest_route=%2Fwp%2Fv2%2Fcomments&post=5438"}],"version-history":[{"count":3,"href":"https:\/\/arkespace.com\/index.php?rest_route=\/wp\/v2\/pages\/5438\/revisions"}],"predecessor-version":[{"id":5502,"href":"https:\/\/arkespace.com\/index.php?rest_route=\/wp\/v2\/pages\/5438\/revisions\/5502"}],"wp:featuredmedia":[{"embeddable":true,"href":"https:\/\/arkespace.com\/index.php?rest_route=\/wp\/v2\/media\/5510"}],"wp:attachment":[{"href":"https:\/\/arkespace.com\/index.php?rest_route=%2Fwp%2Fv2%2Fmedia&parent=5438"}],"curies":[{"name":"wp","href":"https:\/\/api.w.org\/{rel}","templated":true}]}}