{"id":5441,"date":"2023-01-06T17:09:09","date_gmt":"2023-01-06T17:09:09","guid":{"rendered":"https:\/\/arkespace.com\/?page_id=5441"},"modified":"2023-01-23T13:15:14","modified_gmt":"2023-01-23T13:15:14","slug":"projectkelly","status":"publish","type":"page","link":"https:\/\/arkespace.com\/?page_id=5441&lang=fr","title":{"rendered":"frprojectKelley"},"content":{"rendered":"<section class=\"wpb-content-wrapper\"><p>[vc_row full_width=&#8221;stretch_row_content_no_spaces&#8221; no_bottom_margin=&#8221;yes&#8221; css=&#8221;.vc_custom_1673023831964{background-color: #ffffff !important;}&#8221;][vc_column]\t\t\t<script src=\"\/\/arkespace.com\/wp\/wp-content\/plugins\/revslider\/public\/assets\/js\/rbtools.min.js?rev=6.6.10\"><\/script>\n\t\t\t<script src=\"\/\/arkespace.com\/wp\/wp-content\/plugins\/revslider\/public\/assets\/js\/rs6.min.js?rev=6.6.10\"><\/script>\n\n\t\t\t<!-- START projectKelly REVOLUTION SLIDER 6.6.10 --><p class=\"rs-p-wp-fix\"><\/p>\n\t\t\t<rs-module-wrap id=\"rev_slider_9_1_wrapper\" data-source=\"gallery\" style=\"visibility:hidden;background:#eeeeee;padding:0;margin:0px auto;margin-top:0;margin-bottom:0;\">\n\t\t\t\t<rs-module id=\"rev_slider_9_1\" style=\"\" data-version=\"6.6.10\">\n\t\t\t\t\t<rs-slides style=\"overflow: hidden; position: absolute;\">\n\t\t\t\t\t\t<rs-slide style=\"position: absolute;\" data-key=\"rs-46\" data-title=\"Kelly-1\" data-thumb=\"\/\/arkespace.com\/wp\/wp-content\/uploads\/2023\/01\/kelly1a-scaled-300x150.jpg\" data-duration=\"6000ms\" data-anim=\"ms:500;\" data-in=\"o:0;\" data-out=\"a:false;\">\n\t\t\t\t\t\t\t<img src=\"\/\/arkespace.com\/wp\/wp-content\/plugins\/revslider\/public\/assets\/assets\/dummy.png\" alt=\"\" title=\"kelly1a\" width=\"2560\" height=\"1175\" class=\"rev-slidebg tp-rs-img rs-lazyload\" data-lazyload=\"\/\/arkespace.com\/wp\/wp-content\/uploads\/2023\/01\/kelly1a-scaled.jpg\" data-bg=\"p:center top;\" data-no-retina>\n<!---->\t\t\t\t\t\t<\/rs-slide>\n\t\t\t\t\t\t<rs-slide style=\"position: absolute;\" data-key=\"rs-47\" data-title=\"Kelly-2\" data-thumb=\"\/\/arkespace.com\/wp\/wp-content\/uploads\/2023\/01\/kelly2-300x150.jpg\" data-duration=\"6000ms\" data-anim=\"ms:500;\" data-in=\"o:0;\" data-out=\"a:false;\">\n\t\t\t\t\t\t\t<img src=\"\/\/arkespace.com\/wp\/wp-content\/plugins\/revslider\/public\/assets\/assets\/dummy.png\" alt=\"\" title=\"kelly2\" width=\"2480\" height=\"1653\" class=\"rev-slidebg tp-rs-img rs-lazyload\" data-lazyload=\"\/\/arkespace.com\/wp\/wp-content\/uploads\/2023\/01\/kelly2.jpg\" data-bg=\"p:center top;\" data-no-retina>\n<!---->\t\t\t\t\t\t<\/rs-slide>\n\t\t\t\t\t\t<rs-slide style=\"position: absolute;\" data-key=\"rs-48\" data-title=\"Kelly-3\" data-thumb=\"\/\/arkespace.com\/wp\/wp-content\/uploads\/2023\/01\/kelly3a-scaled-300x150.jpg\" data-duration=\"6000ms\" data-in=\"o:0;\" data-out=\"a:false;\">\n\t\t\t\t\t\t\t<img src=\"\/\/arkespace.com\/wp\/wp-content\/plugins\/revslider\/public\/assets\/assets\/dummy.png\" alt=\"\" title=\"kelly3a\" width=\"2560\" height=\"1531\" class=\"rev-slidebg tp-rs-img rs-lazyload\" data-lazyload=\"\/\/arkespace.com\/wp\/wp-content\/uploads\/2023\/01\/kelly3a-scaled.jpg\" data-no-retina>\n<!---->\t\t\t\t\t\t<\/rs-slide>\n\t\t\t\t\t\t<rs-slide style=\"position: absolute;\" data-key=\"rs-49\" data-title=\"Kelly-4\" data-thumb=\"\/\/arkespace.com\/wp\/wp-content\/uploads\/2023\/01\/kelly4a-scaled-300x150.jpg\" data-duration=\"6000ms\" data-in=\"o:0;\" data-out=\"a:false;\">\n\t\t\t\t\t\t\t<img src=\"\/\/arkespace.com\/wp\/wp-content\/plugins\/revslider\/public\/assets\/assets\/dummy.png\" alt=\"\" title=\"kelly4a\" width=\"2560\" height=\"2042\" class=\"rev-slidebg tp-rs-img rs-lazyload\" data-lazyload=\"\/\/arkespace.com\/wp\/wp-content\/uploads\/2023\/01\/kelly4a-scaled.jpg\" data-bg=\"p:center top;\" data-no-retina>\n<!---->\t\t\t\t\t\t<\/rs-slide>\n\t\t\t\t\t\t<rs-slide style=\"position: absolute;\" data-key=\"rs-50\" data-title=\"Kelly-5\" data-thumb=\"\/\/arkespace.com\/wp\/wp-content\/uploads\/2023\/01\/kelly5a-scaled-300x150.jpg\" data-duration=\"6000ms\" data-anim=\"ms:500;\" data-in=\"o:0;\" data-out=\"a:false;\">\n\t\t\t\t\t\t\t<img src=\"\/\/arkespace.com\/wp\/wp-content\/plugins\/revslider\/public\/assets\/assets\/dummy.png\" alt=\"\" title=\"kelly5a\" width=\"2560\" height=\"1494\" class=\"rev-slidebg tp-rs-img rs-lazyload\" data-lazyload=\"\/\/arkespace.com\/wp\/wp-content\/uploads\/2023\/01\/kelly5a-scaled.jpg\" data-no-retina>\n<!---->\t\t\t\t\t\t<\/rs-slide>\n\t\t\t\t\t\t<rs-slide style=\"position: absolute;\" data-key=\"rs-51\" data-title=\"Kelly-6\" data-thumb=\"\/\/arkespace.com\/wp\/wp-content\/uploads\/2023\/01\/kelly6-300x150.jpg\" data-duration=\"6000ms\" data-in=\"o:0;\" data-out=\"a:false;\">\n\t\t\t\t\t\t\t<img src=\"\/\/arkespace.com\/wp\/wp-content\/plugins\/revslider\/public\/assets\/assets\/dummy.png\" alt=\"\" title=\"kelly6\" width=\"2480\" height=\"1653\" class=\"rev-slidebg tp-rs-img rs-lazyload\" data-lazyload=\"\/\/arkespace.com\/wp\/wp-content\/uploads\/2023\/01\/kelly6.jpg\" data-no-retina>\n<!---->\t\t\t\t\t\t<\/rs-slide>\n\t\t\t\t\t\t<rs-slide style=\"position: absolute;\" data-key=\"rs-52\" data-title=\"Kelly-7\" data-thumb=\"\/\/arkespace.com\/wp\/wp-content\/uploads\/2023\/01\/kelly7-300x150.jpg\" data-duration=\"6000ms\" data-in=\"o:0;\" data-out=\"a:false;\">\n\t\t\t\t\t\t\t<img src=\"\/\/arkespace.com\/wp\/wp-content\/plugins\/revslider\/public\/assets\/assets\/dummy.png\" alt=\"\" title=\"kelly7\" width=\"2480\" height=\"1653\" class=\"rev-slidebg tp-rs-img rs-lazyload\" data-lazyload=\"\/\/arkespace.com\/wp\/wp-content\/uploads\/2023\/01\/kelly7.jpg\" data-no-retina>\n<!---->\t\t\t\t\t\t<\/rs-slide>\n\t\t\t\t\t\t<rs-slide style=\"position: absolute;\" data-key=\"rs-53\" data-title=\"Kelly-8\" data-thumb=\"\/\/arkespace.com\/wp\/wp-content\/uploads\/2023\/01\/kelly8a-scaled-300x150.jpg\" data-duration=\"6000ms\" data-in=\"o:0;\" data-out=\"a:false;\">\n\t\t\t\t\t\t\t<img src=\"\/\/arkespace.com\/wp\/wp-content\/plugins\/revslider\/public\/assets\/assets\/dummy.png\" alt=\"\" title=\"kelly8a\" width=\"2560\" height=\"1322\" class=\"rev-slidebg tp-rs-img rs-lazyload\" data-lazyload=\"\/\/arkespace.com\/wp\/wp-content\/uploads\/2023\/01\/kelly8a-scaled.jpg\" data-bg=\"p:center top;\" data-no-retina>\n<!---->\t\t\t\t\t\t<\/rs-slide>\n\t\t\t\t\t\t<rs-slide style=\"position: absolute;\" data-key=\"rs-54\" data-title=\"Kelly-10\" data-thumb=\"\/\/arkespace.com\/wp\/wp-content\/uploads\/2023\/01\/kelly9a-scaled-300x150.jpg\" data-duration=\"6000ms\" data-in=\"o:0;\" data-out=\"a:false;\">\n\t\t\t\t\t\t\t<img src=\"\/\/arkespace.com\/wp\/wp-content\/plugins\/revslider\/public\/assets\/assets\/dummy.png\" alt=\"\" title=\"kelly9a\" width=\"2560\" height=\"2399\" class=\"rev-slidebg tp-rs-img rs-lazyload\" data-lazyload=\"\/\/arkespace.com\/wp\/wp-content\/uploads\/2023\/01\/kelly9a-scaled.jpg\" data-bg=\"p:center top;\" data-no-retina>\n<!---->\t\t\t\t\t\t<\/rs-slide>\n\t\t\t\t\t<\/rs-slides>\n\t\t\t\t<\/rs-module>\n\t\t\t\t<script>\n\t\t\t\t\tsetREVStartSize({c: 'rev_slider_9_1',rl:[1240,1024,778,480],el:[700,650,650,300],gw:[1140,1024,778,480],gh:[700,650,650,300],type:'standard',justify:'',layout:'fullwidth',mh:\"700\"});if (window.RS_MODULES!==undefined && window.RS_MODULES.modules!==undefined && window.RS_MODULES.modules[\"revslider91\"]!==undefined) {window.RS_MODULES.modules[\"revslider91\"].once = false;window.revapi9 = undefined;if (window.RS_MODULES.checkMinimal!==undefined) window.RS_MODULES.checkMinimal()}\n\t\t\t\t<\/script>\n\t\t\t<\/rs-module-wrap>\n\t\t\t<!-- END REVOLUTION SLIDER -->\n[vc_row_inner el_class=&#8221;homepage-service&#8221;][vc_column_inner width=&#8221;1\/2&#8243;][vc_column_text]<\/p>\n<h4 style=\"text-align: left;\"><strong>projet kelley, chevry (france)<br \/>\n<\/strong><\/h4>\n<p>[\/vc_column_text][\/vc_column_inner][\/vc_row_inner][\/vc_column][\/vc_row][vc_row full_width=&#8221;stretch_row&#8221; content_placement=&#8221;top&#8221; css=&#8221;.vc_custom_1673011299601{margin-bottom: 0px !important;border-bottom-width: 1px !important;background-color: #222222 !important;border-bottom-color: #333333 !important;border-bottom-style: solid !important;}&#8221; el_class=&#8221;homepage-service&#8221;][vc_column width=&#8221;1\/2&#8243; css=&#8221;.vc_custom_1526649829873{padding-top: 0px !important;}&#8221;][vc_column_text css=&#8221;.vc_custom_1674335528291{margin-bottom: 0px !important;padding-top: 0px !important;}&#8221;]<span style=\"color: #999999;\">Un agrandissement audacieux d\u2019une maison familiale par l\u2019ajout d\u2019un \u00e9tage. La verticalit\u00e9 de cette extension \u00e0 l\u2019aplomb du terrain se niche dans la montagne jurassienne. Le double objectif \u00e9tait de cr\u00e9er plus d\u2019espace pour cette jeune famille et surtout de permettre \u00e0 la lumi\u00e8re de p\u00e9n\u00e9trer au c\u0153ur intime de cet \u00e9difice. Une entr\u00e9e cath\u00e9drale abritant l\u2019escalier et le palier met en valeur cette indispensable luminosit\u00e9. La toiture existante a disparu au profit de cet \u00e9tage suppl\u00e9mentaire qui a \u00e9t\u00e9 lambriss\u00e9 de remarquable m\u00e9l\u00e8ze trait\u00e9, dispos\u00e9 joyeusement dans les deux sens autour des ouvertures de fen\u00eatres.<\/span>[\/vc_column_text][\/vc_column][\/vc_row][vc_row][vc_column][vc_column_text][\/vc_column_text][\/vc_column][\/vc_row]<\/p>\n<\/section>","protected":false},"excerpt":{"rendered":"<p>[vc_row full_width=&#8221;stretch_row_content_no_spaces&#8221; no_bottom_margin=&#8221;yes&#8221; css=&#8221;.vc_custom_1673023831964{background-color: #ffffff !important;}&#8221;][vc_column][vc_row_inner el_class=&#8221;homepage-service&#8221;][vc_column_inner width=&#8221;1\/2&#8243;][vc_column_text] projet kelley, chevry (france) [\/vc_column_text][\/vc_column_inner][\/vc_row_inner][\/vc_column][\/vc_row][vc_row full_width=&#8221;stretch_row&#8221; content_placement=&#8221;top&#8221; css=&#8221;.vc_custom_1673011299601{margin-bottom: 0px !important;border-bottom-width: 1px !important;background-color: #222222 !important;border-bottom-color: #333333 !important;border-bottom-style: solid !important;}&#8221; el_class=&#8221;homepage-service&#8221;][vc_column width=&#8221;1\/2&#8243; css=&#8221;.vc_custom_1526649829873{padding-top: 0px !important;}&#8221;][vc_column_text css=&#8221;.vc_custom_1674335528291{margin-bottom: 0px !important;padding-top: 0px !important;}&#8221;]Un agrandissement audacieux d\u2019une maison familiale par l\u2019ajout d\u2019un \u00e9tage. La verticalit\u00e9 de cette extension \u00e0 l\u2019aplomb du terrain se&hellip;<\/p>\n","protected":false},"author":1,"featured_media":5510,"parent":0,"menu_order":0,"comment_status":"closed","ping_status":"closed","template":"","meta":{"inline_featured_image":false},"acf":[],"_links":{"self":[{"href":"https:\/\/arkespace.com\/index.php?rest_route=\/wp\/v2\/pages\/5441"}],"collection":[{"href":"https:\/\/arkespace.com\/index.php?rest_route=\/wp\/v2\/pages"}],"about":[{"href":"https:\/\/arkespace.com\/index.php?rest_route=\/wp\/v2\/types\/page"}],"author":[{"embeddable":true,"href":"https:\/\/arkespace.com\/index.php?rest_route=\/wp\/v2\/users\/1"}],"replies":[{"embeddable":true,"href":"https:\/\/arkespace.com\/index.php?rest_route=%2Fwp%2Fv2%2Fcomments&post=5441"}],"version-history":[{"count":3,"href":"https:\/\/arkespace.com\/index.php?rest_route=\/wp\/v2\/pages\/5441\/revisions"}],"predecessor-version":[{"id":5500,"href":"https:\/\/arkespace.com\/index.php?rest_route=\/wp\/v2\/pages\/5441\/revisions\/5500"}],"wp:featuredmedia":[{"embeddable":true,"href":"https:\/\/arkespace.com\/index.php?rest_route=\/wp\/v2\/media\/5510"}],"wp:attachment":[{"href":"https:\/\/arkespace.com\/index.php?rest_route=%2Fwp%2Fv2%2Fmedia&parent=5441"}],"curies":[{"name":"wp","href":"https:\/\/api.w.org\/{rel}","templated":true}]}}