{"id":5444,"date":"2023-01-09T23:44:16","date_gmt":"2023-01-09T23:44:16","guid":{"rendered":"https:\/\/arkespace.com\/?page_id=5444"},"modified":"2023-01-23T22:18:01","modified_gmt":"2023-01-23T22:18:01","slug":"projecttuboeuf","status":"publish","type":"page","link":"https:\/\/arkespace.com\/?page_id=5444&lang=fr","title":{"rendered":"frprojectTuboeuf"},"content":{"rendered":"<section class=\"wpb-content-wrapper\"><p>[vc_row full_width=&#8221;stretch_row_content_no_spaces&#8221; no_bottom_margin=&#8221;yes&#8221;][vc_column]\t\t\t<script src=\"\/\/arkespace.com\/wp\/wp-content\/plugins\/revslider\/public\/assets\/js\/rbtools.min.js?rev=6.6.10\"><\/script>\n\t\t\t<script src=\"\/\/arkespace.com\/wp\/wp-content\/plugins\/revslider\/public\/assets\/js\/rs6.min.js?rev=6.6.10\"><\/script>\n\n\t\t\t<!-- START projectTuboeuf REVOLUTION SLIDER 6.6.10 --><p class=\"rs-p-wp-fix\"><\/p>\n\t\t\t<rs-module-wrap id=\"rev_slider_11_1_wrapper\" data-source=\"gallery\" style=\"visibility:hidden;background:#eeeeee;padding:0;margin:0px auto;margin-top:0;margin-bottom:0;\">\n\t\t\t\t<rs-module id=\"rev_slider_11_1\" style=\"\" data-version=\"6.6.10\">\n\t\t\t\t\t<rs-slides style=\"overflow: hidden; position: absolute;\">\n\t\t\t\t\t\t<rs-slide style=\"position: absolute;\" data-key=\"rs-74\" data-title=\"T-1\" data-thumb=\"\/\/arkespace.com\/wp\/wp-content\/uploads\/2023\/01\/Tuboeuf-50.jpeg\" data-duration=\"6000ms\" data-in=\"o:0;\" data-out=\"a:false;\">\n\t\t\t\t\t\t\t<img src=\"\/\/arkespace.com\/wp\/wp-content\/plugins\/revslider\/public\/assets\/assets\/dummy.png\" alt=\"T-1\" title=\"Tuboeuf-50\" width=\"1024\" height=\"768\" class=\"rev-slidebg tp-rs-img rs-lazyload\" data-lazyload=\"\/\/arkespace.com\/wp\/wp-content\/plugins\/revslider\/public\/assets\/assets\/transparent.png\" data-bg=\"c:#000000;\" data-no-retina>\n<!--\n\t\t\t\t\t\t\t--><rs-layer\n\t\t\t\t\t\t\t\tid=\"slider-11-slide-74-layer-0\" \n\t\t\t\t\t\t\t\tdata-type=\"image\"\n\t\t\t\t\t\t\t\tdata-rsp_ch=\"on\"\n\t\t\t\t\t\t\t\tdata-xy=\"x:c;xo:3px,2px,1px,0;y:m;yo:32px,28px,21px,12px;\"\n\t\t\t\t\t\t\t\tdata-text=\"w:normal;s:20,17,12,7;l:0,22,16,9;\"\n\t\t\t\t\t\t\t\tdata-dim=\"w:1112px,998px,758px,467px;h:834px,749px,569px,351px;\"\n\t\t\t\t\t\t\t\tdata-frame_999=\"o:0;st:w;\"\n\t\t\t\t\t\t\t\tstyle=\"z-index:5;\"\n\t\t\t\t\t\t\t><img src=\"\/\/arkespace.com\/wp\/wp-content\/plugins\/revslider\/public\/assets\/assets\/dummy.png\" alt=\"\" class=\"tp-rs-img rs-lazyload\" width=\"1024\" height=\"768\" data-lazyload=\"\/\/arkespace.com\/wp\/wp-content\/uploads\/2023\/01\/Tuboeuf-50.jpeg\" data-no-retina> \n\t\t\t\t\t\t\t<\/rs-layer><!--\n-->\t\t\t\t\t\t<\/rs-slide>\n\t\t\t\t\t\t<rs-slide style=\"position: absolute;\" data-key=\"rs-73\" data-title=\"T-4\" data-thumb=\"\/\/arkespace.com\/wp\/wp-content\/uploads\/2023\/01\/Tuboeuf-51a-300x150.jpg\" data-duration=\"6000ms\" data-in=\"o:0;\" data-out=\"a:false;\">\n\t\t\t\t\t\t\t<img src=\"\/\/arkespace.com\/wp\/wp-content\/plugins\/revslider\/public\/assets\/assets\/dummy.png\" alt=\"\" title=\"Tuboeuf-51a\" width=\"2480\" height=\"1653\" class=\"rev-slidebg tp-rs-img rs-lazyload\" data-lazyload=\"\/\/arkespace.com\/wp\/wp-content\/uploads\/2023\/01\/Tuboeuf-51a.jpg\" data-no-retina>\n<!---->\t\t\t\t\t\t<\/rs-slide>\n\t\t\t\t\t\t<rs-slide style=\"position: absolute;\" data-key=\"rs-72\" data-title=\"T-3\" data-thumb=\"\/\/arkespace.com\/wp\/wp-content\/uploads\/2023\/01\/Tuboeuf-51b-300x150.jpg\" data-duration=\"6000ms\" data-anim=\"ms:500;\" data-in=\"o:0;\" data-out=\"a:false;\">\n\t\t\t\t\t\t\t<img src=\"\/\/arkespace.com\/wp\/wp-content\/plugins\/revslider\/public\/assets\/assets\/dummy.png\" alt=\"\" title=\"Tuboeuf-51b\" width=\"2480\" height=\"1653\" class=\"rev-slidebg tp-rs-img rs-lazyload\" data-lazyload=\"\/\/arkespace.com\/wp\/wp-content\/uploads\/2023\/01\/Tuboeuf-51b.jpg\" data-no-retina>\n<!---->\t\t\t\t\t\t<\/rs-slide>\n\t\t\t\t\t\t<rs-slide style=\"position: absolute;\" data-key=\"rs-75\" data-title=\"T-5\" data-thumb=\"\/\/arkespace.com\/wp\/wp-content\/uploads\/2023\/01\/Tuboeuf-52a-300x150.jpg\" data-duration=\"6000ms\" data-anim=\"ms:500;\" data-in=\"o:0;\" data-out=\"a:false;\">\n\t\t\t\t\t\t\t<img src=\"\/\/arkespace.com\/wp\/wp-content\/plugins\/revslider\/public\/assets\/assets\/dummy.png\" alt=\"\" title=\"Tuboeuf-52a\" width=\"2480\" height=\"1653\" class=\"rev-slidebg tp-rs-img rs-lazyload\" data-lazyload=\"\/\/arkespace.com\/wp\/wp-content\/uploads\/2023\/01\/Tuboeuf-52a.jpg\" data-no-retina>\n<!---->\t\t\t\t\t\t<\/rs-slide>\n\t\t\t\t\t\t<rs-slide style=\"position: absolute;\" data-key=\"rs-76\" data-title=\"T-6\" data-thumb=\"\/\/arkespace.com\/wp\/wp-content\/uploads\/2023\/01\/Tuboeuf-52d-300x150.jpg\" data-duration=\"6000ms\" data-in=\"o:0;\" data-out=\"a:false;\">\n\t\t\t\t\t\t\t<img src=\"\/\/arkespace.com\/wp\/wp-content\/plugins\/revslider\/public\/assets\/assets\/dummy.png\" alt=\"\" title=\"Tuboeuf-52d\" width=\"2480\" height=\"1653\" class=\"rev-slidebg tp-rs-img rs-lazyload\" data-lazyload=\"\/\/arkespace.com\/wp\/wp-content\/uploads\/2023\/01\/Tuboeuf-52d.jpg\" data-no-retina>\n<!---->\t\t\t\t\t\t<\/rs-slide>\n\t\t\t\t\t\t<rs-slide style=\"position: absolute;\" data-key=\"rs-77\" data-title=\"T-7\" data-thumb=\"\/\/arkespace.com\/wp\/wp-content\/uploads\/2023\/01\/Tuboeuf-52b-300x150.jpg\" data-duration=\"6000ms\" data-in=\"o:0;\" data-out=\"a:false;\">\n\t\t\t\t\t\t\t<img src=\"\/\/arkespace.com\/wp\/wp-content\/plugins\/revslider\/public\/assets\/assets\/dummy.png\" alt=\"\" title=\"Tuboeuf-52b\" width=\"2480\" height=\"1653\" class=\"rev-slidebg tp-rs-img rs-lazyload\" data-lazyload=\"\/\/arkespace.com\/wp\/wp-content\/uploads\/2023\/01\/Tuboeuf-52b.jpg\" data-no-retina>\n<!---->\t\t\t\t\t\t<\/rs-slide>\n\t\t\t\t\t\t<rs-slide style=\"position: absolute;\" data-key=\"rs-78\" data-title=\"T-8\" data-thumb=\"\/\/arkespace.com\/wp\/wp-content\/uploads\/2023\/01\/Tuboeuf-52c-300x150.jpg\" data-duration=\"6000ms\" data-in=\"o:0;\" data-out=\"a:false;\">\n\t\t\t\t\t\t\t<img src=\"\/\/arkespace.com\/wp\/wp-content\/plugins\/revslider\/public\/assets\/assets\/dummy.png\" alt=\"\" title=\"Tuboeuf-52c\" width=\"2480\" height=\"1653\" class=\"rev-slidebg tp-rs-img rs-lazyload\" data-lazyload=\"\/\/arkespace.com\/wp\/wp-content\/uploads\/2023\/01\/Tuboeuf-52c.jpg\" data-no-retina>\n<!---->\t\t\t\t\t\t<\/rs-slide>\n\t\t\t\t\t\t<rs-slide style=\"position: absolute;\" data-key=\"rs-71\" data-title=\"T-2\" data-thumb=\"\/\/arkespace.com\/wp\/wp-content\/uploads\/2023\/01\/Tuboeuf-52e-300x150.jpg\" data-duration=\"6000ms\" data-anim=\"ms:500;\" data-in=\"o:0;\" data-out=\"a:false;\">\n\t\t\t\t\t\t\t<img src=\"\/\/arkespace.com\/wp\/wp-content\/plugins\/revslider\/public\/assets\/assets\/dummy.png\" alt=\"\" title=\"Tuboeuf-52e\" width=\"2480\" height=\"1653\" class=\"rev-slidebg tp-rs-img rs-lazyload\" data-lazyload=\"\/\/arkespace.com\/wp\/wp-content\/uploads\/2023\/01\/Tuboeuf-52e.jpg\" data-no-retina>\n<!---->\t\t\t\t\t\t<\/rs-slide>\n\t\t\t\t\t\t<rs-slide style=\"position: absolute;\" data-key=\"rs-79\" data-title=\"T-9\" data-thumb=\"\/\/arkespace.com\/wp\/wp-content\/uploads\/2023\/01\/Tuboeuf-57a-300x150.jpg\" data-duration=\"6000ms\" data-in=\"o:0;\" data-out=\"a:false;\">\n\t\t\t\t\t\t\t<img src=\"\/\/arkespace.com\/wp\/wp-content\/plugins\/revslider\/public\/assets\/assets\/dummy.png\" alt=\"\" title=\"Tuboeuf-57a\" width=\"2480\" height=\"1653\" class=\"rev-slidebg tp-rs-img rs-lazyload\" data-lazyload=\"\/\/arkespace.com\/wp\/wp-content\/uploads\/2023\/01\/Tuboeuf-57a.jpg\" data-no-retina>\n<!---->\t\t\t\t\t\t<\/rs-slide>\n\t\t\t\t\t\t<rs-slide style=\"position: absolute;\" data-key=\"rs-84\" data-title=\"T-14\" data-thumb=\"\/\/arkespace.com\/wp\/wp-content\/uploads\/2023\/01\/Tuboeuf-53-300x150.jpg\" data-duration=\"6000ms\" data-in=\"o:0;\" data-out=\"a:false;\">\n\t\t\t\t\t\t\t<img src=\"\/\/arkespace.com\/wp\/wp-content\/plugins\/revslider\/public\/assets\/assets\/dummy.png\" alt=\"\" title=\"Tuboeuf-53\" width=\"2480\" height=\"1653\" class=\"rev-slidebg tp-rs-img rs-lazyload\" data-lazyload=\"\/\/arkespace.com\/wp\/wp-content\/uploads\/2023\/01\/Tuboeuf-53.jpg\" data-bg=\"p:center top;\" data-no-retina>\n<!---->\t\t\t\t\t\t<\/rs-slide>\n\t\t\t\t\t\t<rs-slide style=\"position: absolute;\" data-key=\"rs-83\" data-title=\"T-13\" data-thumb=\"\/\/arkespace.com\/wp\/wp-content\/uploads\/2023\/01\/Tuboeuf-54-300x150.jpg\" data-duration=\"6000ms\" data-in=\"o:0;\" data-out=\"a:false;\">\n\t\t\t\t\t\t\t<img src=\"\/\/arkespace.com\/wp\/wp-content\/plugins\/revslider\/public\/assets\/assets\/dummy.png\" alt=\"\" title=\"Tuboeuf-54\" width=\"2480\" height=\"1653\" class=\"rev-slidebg tp-rs-img rs-lazyload\" data-lazyload=\"\/\/arkespace.com\/wp\/wp-content\/uploads\/2023\/01\/Tuboeuf-54.jpg\" data-bg=\"p:center bottom;\" data-no-retina>\n<!---->\t\t\t\t\t\t<\/rs-slide>\n\t\t\t\t\t\t<rs-slide style=\"position: absolute;\" data-key=\"rs-82\" data-title=\"T-12\" data-thumb=\"\/\/arkespace.com\/wp\/wp-content\/uploads\/2023\/01\/Tuboeuf-55a-300x150.jpg\" data-duration=\"6000ms\" data-in=\"o:0;\" data-out=\"a:false;\">\n\t\t\t\t\t\t\t<img src=\"\/\/arkespace.com\/wp\/wp-content\/plugins\/revslider\/public\/assets\/assets\/dummy.png\" alt=\"\" title=\"Tuboeuf-55a\" width=\"2480\" height=\"1653\" class=\"rev-slidebg tp-rs-img rs-lazyload\" data-lazyload=\"\/\/arkespace.com\/wp\/wp-content\/uploads\/2023\/01\/Tuboeuf-55a.jpg\" data-bg=\"p:center top;\" data-no-retina>\n<!---->\t\t\t\t\t\t<\/rs-slide>\n\t\t\t\t\t\t<rs-slide style=\"position: absolute;\" data-key=\"rs-81\" data-title=\"T-11\" data-thumb=\"\/\/arkespace.com\/wp\/wp-content\/uploads\/2023\/01\/Tuboeuf-55b-300x150.jpg\" data-duration=\"6000ms\" data-in=\"o:0;\" data-out=\"a:false;\">\n\t\t\t\t\t\t\t<img src=\"\/\/arkespace.com\/wp\/wp-content\/plugins\/revslider\/public\/assets\/assets\/dummy.png\" alt=\"\" title=\"Tuboeuf-55b\" width=\"2480\" height=\"1653\" class=\"rev-slidebg tp-rs-img rs-lazyload\" data-lazyload=\"\/\/arkespace.com\/wp\/wp-content\/uploads\/2023\/01\/Tuboeuf-55b.jpg\" data-bg=\"p:center top;\" data-no-retina>\n<!---->\t\t\t\t\t\t<\/rs-slide>\n\t\t\t\t\t\t<rs-slide style=\"position: absolute;\" data-key=\"rs-85\" data-title=\"T-12a\" data-thumb=\"\/\/arkespace.com\/wp\/wp-content\/uploads\/2023\/01\/Tuboeuf-37-scaled-300x150.jpg\" data-duration=\"6000ms\" data-in=\"o:0;\" data-out=\"a:false;\">\n\t\t\t\t\t\t\t<img src=\"\/\/arkespace.com\/wp\/wp-content\/plugins\/revslider\/public\/assets\/assets\/dummy.png\" alt=\"\" title=\"Tuboeuf-37\" width=\"2560\" height=\"1548\" class=\"rev-slidebg tp-rs-img rs-lazyload\" data-lazyload=\"\/\/arkespace.com\/wp\/wp-content\/uploads\/2023\/01\/Tuboeuf-37-scaled.jpg\" data-bg=\"p:center top;\" data-no-retina>\n<!---->\t\t\t\t\t\t<\/rs-slide>\n\t\t\t\t\t\t<rs-slide style=\"position: absolute;\" data-key=\"rs-80\" data-title=\"T-10\" data-thumb=\"\/\/arkespace.com\/wp\/wp-content\/uploads\/2023\/01\/Tuboeuf-56a-300x150.jpg\" data-duration=\"6000ms\" data-in=\"o:0;\" data-out=\"a:false;\">\n\t\t\t\t\t\t\t<img src=\"\/\/arkespace.com\/wp\/wp-content\/plugins\/revslider\/public\/assets\/assets\/dummy.png\" alt=\"\" title=\"Tuboeuf-56a\" width=\"2480\" height=\"1653\" class=\"rev-slidebg tp-rs-img rs-lazyload\" data-lazyload=\"\/\/arkespace.com\/wp\/wp-content\/uploads\/2023\/01\/Tuboeuf-56a.jpg\" data-bg=\"p:center top;\" data-no-retina>\n<!---->\t\t\t\t\t\t<\/rs-slide>\n\t\t\t\t\t\t<rs-slide style=\"position: absolute;\" data-key=\"rs-191\" data-title=\"Tuboeuf-before\" data-thumb=\"\/\/demo-content.kaliumtheme.com\/architecture\/wp-content\/uploads\/revslider\/architecture\/kimon-maritz-183501-unsplash.jpg\" data-duration=\"6000ms\" data-in=\"o:0;\" data-out=\"a:false;\">\n\t\t\t\t\t\t\t<img src=\"\/\/arkespace.com\/wp\/wp-content\/plugins\/revslider\/public\/assets\/assets\/dummy.png\" alt=\"Tuboeuf-before\" title=\"Tuboeuf-53\" width=\"2480\" height=\"1653\" class=\"rev-slidebg tp-rs-img rs-lazyload\" data-lazyload=\"\/\/arkespace.com\/wp\/wp-content\/plugins\/revslider\/public\/assets\/assets\/transparent.png\" data-bg=\"p:center top;c:#000000;\" data-no-retina>\n<!--\n\t\t\t\t\t\t\t--><rs-layer\n\t\t\t\t\t\t\t\tid=\"slider-11-slide-191-layer-1\" \n\t\t\t\t\t\t\t\tdata-type=\"image\"\n\t\t\t\t\t\t\t\tdata-rsp_ch=\"on\"\n\t\t\t\t\t\t\t\tdata-xy=\"x:c;xo:1px,0,0,0;y:m;yo:34px,30px,22px,13px;\"\n\t\t\t\t\t\t\t\tdata-text=\"w:normal;s:20,17,12,7;l:0,22,16,9;\"\n\t\t\t\t\t\t\t\tdata-dim=\"w:1619px,1454px,1104px,681px;h:337px,302px,229px,141px;\"\n\t\t\t\t\t\t\t\tdata-frame_999=\"o:0;st:w;\"\n\t\t\t\t\t\t\t\tstyle=\"z-index:5;\"\n\t\t\t\t\t\t\t><img src=\"\/\/arkespace.com\/wp\/wp-content\/plugins\/revslider\/public\/assets\/assets\/dummy.png\" alt=\"\" class=\"tp-rs-img rs-lazyload\" width=\"2560\" height=\"533\" data-lazyload=\"\/\/arkespace.com\/wp\/wp-content\/uploads\/2023\/10\/tuboeuf-before-scaled.jpg\" data-no-retina> \n\t\t\t\t\t\t\t<\/rs-layer><!--\n\n\t\t\t\t\t\t\t--><rs-layer\n\t\t\t\t\t\t\t\tid=\"slider-11-slide-191-layer-2\" \n\t\t\t\t\t\t\t\tdata-type=\"text\"\n\t\t\t\t\t\t\t\tdata-rsp_ch=\"on\"\n\t\t\t\t\t\t\t\tdata-xy=\"xo:214px,192px,145px,89px;yo:63px,56px,42px,25px;\"\n\t\t\t\t\t\t\t\tdata-text=\"w:normal;s:60,53,40,24;l:104,93,70,43;\"\n\t\t\t\t\t\t\t\tdata-frame_999=\"o:0;st:w;\"\n\t\t\t\t\t\t\t\tstyle=\"z-index:6;font-family:'Poppins';\"\n\t\t\t\t\t\t\t>project Tuboeuf before \n\t\t\t\t\t\t\t<\/rs-layer><!--\n-->\t\t\t\t\t\t<\/rs-slide>\n\t\t\t\t\t<\/rs-slides>\n\t\t\t\t<\/rs-module>\n\t\t\t\t<script>\n\t\t\t\t\tsetREVStartSize({c: 'rev_slider_11_1',rl:[1240,1024,778,480],el:[700,650,650,300],gw:[1140,1024,778,480],gh:[700,650,650,300],type:'standard',justify:'',layout:'fullwidth',mh:\"700\"});if (window.RS_MODULES!==undefined && window.RS_MODULES.modules!==undefined && window.RS_MODULES.modules[\"revslider111\"]!==undefined) {window.RS_MODULES.modules[\"revslider111\"].once = false;window.revapi11 = undefined;if (window.RS_MODULES.checkMinimal!==undefined) window.RS_MODULES.checkMinimal()}\n\t\t\t\t<\/script>\n\t\t\t<\/rs-module-wrap>\n\t\t\t<!-- END REVOLUTION SLIDER -->\n[vc_row_inner el_class=&#8221;homepage-service&#8221; css=&#8221;.vc_custom_1673050843925{margin-top: 0px !important;margin-right: 0px !important;margin-bottom: 0px !important;margin-left: 0px !important;}&#8221;][vc_column_inner width=&#8221;1\/2&#8243;][vc_column_text css=&#8221;.vc_custom_1674479927827{border-top-width: 0px !important;border-right-width: 0px !important;border-bottom-width: 0px !important;border-left-width: 0px !important;}&#8221;]<\/p>\n<h4 style=\"text-align: left;\"><strong>projet tuboeuf, segny (france)<\/strong><\/h4>\n<p>&nbsp;[\/vc_column_text][\/vc_column_inner][\/vc_row_inner][\/vc_column][\/vc_row][vc_row full_width=&#8221;stretch_row&#8221; content_placement=&#8221;top&#8221; css=&#8221;.vc_custom_1673011299601{margin-bottom: 0px !important;border-bottom-width: 1px !important;background-color: #222222 !important;border-bottom-color: #333333 !important;border-bottom-style: solid !important;}&#8221; el_class=&#8221;homepage-service&#8221;][vc_column width=&#8221;1\/2&#8243; css=&#8221;.vc_custom_1526649829873{padding-top: 0px !important;}&#8221;][vc_column_text css=&#8221;.vc_custom_1674336123578{margin-bottom: 0px !important;padding-top: 0px !important;}&#8221;]<span style=\"color: #999999;\">Une transformation spectaculaire d\u2019une demeure familiale par la cr\u00e9ation d\u2019une lucarne dans la toiture existante permettant d\u2019abriter une suite parentale. Les espaces de vie ont \u00e9t\u00e9 illumin\u00e9s gr\u00e2ce \u00e0 la suppression de murs ext\u00e9rieurs et de cloisons au profit de larges ouvertures et de grands espaces. Ceux-ci permettent des \u00e9changes fluide et harmonieux \u00e0 chaque \u00e9tage et entre les diff\u00e9rents niveaux. La cage d\u2019escalier est une pi\u00e8ce \u00e0 vivre, soigneusement am\u00e9nag\u00e9e pour faciliter la circulation tout en jouant le r\u00f4le d\u2019un balcon donnant sur le salon.<br \/>\n<\/span>[\/vc_column_text][\/vc_column][\/vc_row]<\/p>\n<\/section>","protected":false},"excerpt":{"rendered":"<p>[vc_row full_width=&#8221;stretch_row_content_no_spaces&#8221; no_bottom_margin=&#8221;yes&#8221;][vc_column][vc_row_inner el_class=&#8221;homepage-service&#8221; css=&#8221;.vc_custom_1673050843925{margin-top: 0px !important;margin-right: 0px !important;margin-bottom: 0px !important;margin-left: 0px !important;}&#8221;][vc_column_inner width=&#8221;1\/2&#8243;][vc_column_text css=&#8221;.vc_custom_1674479927827{border-top-width: 0px !important;border-right-width: 0px !important;border-bottom-width: 0px !important;border-left-width: 0px !important;}&#8221;] projet tuboeuf, segny (france) &nbsp;[\/vc_column_text][\/vc_column_inner][\/vc_row_inner][\/vc_column][\/vc_row][vc_row full_width=&#8221;stretch_row&#8221; content_placement=&#8221;top&#8221; css=&#8221;.vc_custom_1673011299601{margin-bottom: 0px !important;border-bottom-width: 1px !important;background-color: #222222 !important;border-bottom-color: #333333 !important;border-bottom-style: solid !important;}&#8221; el_class=&#8221;homepage-service&#8221;][vc_column width=&#8221;1\/2&#8243; css=&#8221;.vc_custom_1526649829873{padding-top: 0px !important;}&#8221;][vc_column_text css=&#8221;.vc_custom_1674336123578{margin-bottom: 0px !important;padding-top: 0px !important;}&#8221;]Une transformation spectaculaire d\u2019une demeure&hellip;<\/p>\n","protected":false},"author":1,"featured_media":5510,"parent":0,"menu_order":0,"comment_status":"closed","ping_status":"closed","template":"","meta":{"inline_featured_image":false},"acf":[],"_links":{"self":[{"href":"https:\/\/arkespace.com\/index.php?rest_route=\/wp\/v2\/pages\/5444"}],"collection":[{"href":"https:\/\/arkespace.com\/index.php?rest_route=\/wp\/v2\/pages"}],"about":[{"href":"https:\/\/arkespace.com\/index.php?rest_route=\/wp\/v2\/types\/page"}],"author":[{"embeddable":true,"href":"https:\/\/arkespace.com\/index.php?rest_route=\/wp\/v2\/users\/1"}],"replies":[{"embeddable":true,"href":"https:\/\/arkespace.com\/index.php?rest_route=%2Fwp%2Fv2%2Fcomments&post=5444"}],"version-history":[{"count":3,"href":"https:\/\/arkespace.com\/index.php?rest_route=\/wp\/v2\/pages\/5444\/revisions"}],"predecessor-version":[{"id":5504,"href":"https:\/\/arkespace.com\/index.php?rest_route=\/wp\/v2\/pages\/5444\/revisions\/5504"}],"wp:featuredmedia":[{"embeddable":true,"href":"https:\/\/arkespace.com\/index.php?rest_route=\/wp\/v2\/media\/5510"}],"wp:attachment":[{"href":"https:\/\/arkespace.com\/index.php?rest_route=%2Fwp%2Fv2%2Fmedia&parent=5444"}],"curies":[{"name":"wp","href":"https:\/\/api.w.org\/{rel}","templated":true}]}}