{"id":5464,"date":"2023-01-12T15:36:04","date_gmt":"2023-01-12T15:36:04","guid":{"rendered":"https:\/\/arkespace.com\/?page_id=5464"},"modified":"2023-01-22T11:01:31","modified_gmt":"2023-01-22T11:01:31","slug":"projectmilborne","status":"publish","type":"page","link":"https:\/\/arkespace.com\/?page_id=5464&lang=fr","title":{"rendered":"frprojectMilborne"},"content":{"rendered":"<section class=\"wpb-content-wrapper\"><p>[vc_row full_width=&#8221;stretch_row_content_no_spaces&#8221; no_bottom_margin=&#8221;yes&#8221;][vc_column]\t\t\t<script src=\"\/\/arkespace.com\/wp\/wp-content\/plugins\/revslider\/public\/assets\/js\/rbtools.min.js?rev=6.6.10\"><\/script>\n\t\t\t<script src=\"\/\/arkespace.com\/wp\/wp-content\/plugins\/revslider\/public\/assets\/js\/rs6.min.js?rev=6.6.10\"><\/script>\n\n\t\t\t<!-- START MilborneStreet REVOLUTION SLIDER 6.6.10 --><p class=\"rs-p-wp-fix\"><\/p>\n\t\t\t<rs-module-wrap id=\"rev_slider_14_1_wrapper\" data-source=\"gallery\" style=\"visibility:hidden;background:#eeeeee;padding:0;margin:0px auto;margin-top:0;margin-bottom:0;\">\n\t\t\t\t<rs-module id=\"rev_slider_14_1\" style=\"\" data-version=\"6.6.10\">\n\t\t\t\t\t<rs-slides style=\"overflow: hidden; position: absolute;\">\n\t\t\t\t\t\t<rs-slide style=\"position: absolute;\" data-key=\"rs-100\" data-title=\"MS-1\" data-thumb=\"\/\/arkespace.com\/wp\/wp-content\/uploads\/2023\/01\/086-Milborne-Street-ext2_tim-croker-copy-300x150.jpg\" data-duration=\"6000ms\" data-anim=\"ms:500;\" data-in=\"o:0;\" data-out=\"a:false;\">\n\t\t\t\t\t\t\t<img src=\"\/\/arkespace.com\/wp\/wp-content\/plugins\/revslider\/public\/assets\/assets\/dummy.png\" alt=\"\" title=\"086-Milborne Street ext2_tim croker copy\" width=\"600\" height=\"444\" class=\"rev-slidebg tp-rs-img rs-lazyload\" data-lazyload=\"\/\/arkespace.com\/wp\/wp-content\/uploads\/2023\/01\/086-Milborne-Street-ext2_tim-croker-copy.jpg\" data-no-retina>\n<!---->\t\t\t\t\t\t<\/rs-slide>\n\t\t\t\t\t\t<rs-slide style=\"position: absolute;\" data-key=\"rs-101\" data-title=\"MS-2\" data-thumb=\"\/\/arkespace.com\/wp\/wp-content\/uploads\/2023\/01\/087-Milborne-Street-Edited-300x150.jpg\" data-duration=\"6000ms\" data-anim=\"ms:500;\" data-in=\"o:0;\" data-out=\"a:false;\">\n\t\t\t\t\t\t\t<img src=\"\/\/arkespace.com\/wp\/wp-content\/plugins\/revslider\/public\/assets\/assets\/dummy.png\" alt=\"\" title=\"087-Milborne Street Edited\" width=\"800\" height=\"521\" class=\"rev-slidebg tp-rs-img rs-lazyload\" data-lazyload=\"\/\/arkespace.com\/wp\/wp-content\/uploads\/2023\/01\/087-Milborne-Street-Edited.jpg\" data-no-retina>\n<!---->\t\t\t\t\t\t<\/rs-slide>\n\t\t\t\t\t<\/rs-slides>\n\t\t\t\t<\/rs-module>\n\t\t\t\t<script>\n\t\t\t\t\tsetREVStartSize({c: 'rev_slider_14_1',rl:[1240,1024,778,480],el:[700,650,650,300],gw:[1140,1024,778,480],gh:[700,650,650,300],type:'standard',justify:'',layout:'fullwidth',mh:\"700\"});if (window.RS_MODULES!==undefined && window.RS_MODULES.modules!==undefined && window.RS_MODULES.modules[\"revslider141\"]!==undefined) {window.RS_MODULES.modules[\"revslider141\"].once = false;window.revapi14 = undefined;if (window.RS_MODULES.checkMinimal!==undefined) window.RS_MODULES.checkMinimal()}\n\t\t\t\t<\/script>\n\t\t\t<\/rs-module-wrap>\n\t\t\t<!-- END REVOLUTION SLIDER -->\n[vc_row_inner el_class=&#8221;homepage-service&#8221; css=&#8221;.vc_custom_1673050843925{margin-top: 0px !important;margin-right: 0px !important;margin-bottom: 0px !important;margin-left: 0px !important;}&#8221;][vc_column_inner width=&#8221;1\/2&#8243;][vc_column_text css=&#8221;.vc_custom_1674385229441{border-top-width: 0px !important;border-right-width: 0px !important;border-bottom-width: 0px !important;border-left-width: 0px !important;}&#8221;]<\/p>\n<h4 style=\"text-align: left;\"><strong>milborne street housing, londres, avec penoyre &amp; prasad<\/strong><\/h4>\n<p>[\/vc_column_text][\/vc_column_inner][\/vc_row_inner][\/vc_column][\/vc_row][vc_row full_width=&#8221;stretch_row&#8221; content_placement=&#8221;top&#8221; css=&#8221;.vc_custom_1673011299601{margin-bottom: 0px !important;border-bottom-width: 1px !important;background-color: #222222 !important;border-bottom-color: #333333 !important;border-bottom-style: solid !important;}&#8221; el_class=&#8221;homepage-service&#8221;][vc_column width=&#8221;1\/2&#8243; css=&#8221;.vc_custom_1526649829873{padding-top: 0px !important;}&#8221;][vc_column_text css=&#8221;.vc_custom_1674385260308{margin-bottom: 0px !important;padding-top: 0px !important;}&#8221;]<span style=\"color: #999999;\">Un nouveau projet de construction de logements dans la centre-ville l&#8217;est de Londres comprenant deux nouveaux batiments d\u2019appartements&nbsp;: l\u2019un offrant un h\u00e9bergement de transition pour les SDF et l\u2019autre offrant un m\u00e9lange de logements \u00e0 propri\u00e9t\u00e9 partag\u00e9e. Ce projet r\u00e9pond bien \u00e0 un contexte urbain difficile avec le b\u00e2timent d\u2019h\u00e9bergement de SDF rev\u00eatu de briques traditionelles de Londres \u00e0 la fa\u00e7ade de la rue et une fa\u00e7ade de cour en bardage de bois plus douce et plus intime. Le b\u00e2timent de propri\u00e9t\u00e9 partag\u00e9e a une finition de cr\u00e9pi ponctu\u00e9e de g\u00e9n\u00e9reuses fen\u00eatres pleine hauteur<\/span><br \/>\n[\/vc_column_text][\/vc_column][\/vc_row]<\/p>\n<\/section>","protected":false},"excerpt":{"rendered":"<p>[vc_row full_width=&#8221;stretch_row_content_no_spaces&#8221; no_bottom_margin=&#8221;yes&#8221;][vc_column][vc_row_inner el_class=&#8221;homepage-service&#8221; css=&#8221;.vc_custom_1673050843925{margin-top: 0px !important;margin-right: 0px !important;margin-bottom: 0px !important;margin-left: 0px !important;}&#8221;][vc_column_inner width=&#8221;1\/2&#8243;][vc_column_text css=&#8221;.vc_custom_1674385229441{border-top-width: 0px !important;border-right-width: 0px !important;border-bottom-width: 0px !important;border-left-width: 0px !important;}&#8221;] milborne street housing, londres, avec penoyre &amp; prasad [\/vc_column_text][\/vc_column_inner][\/vc_row_inner][\/vc_column][\/vc_row][vc_row full_width=&#8221;stretch_row&#8221; content_placement=&#8221;top&#8221; css=&#8221;.vc_custom_1673011299601{margin-bottom: 0px !important;border-bottom-width: 1px !important;background-color: #222222 !important;border-bottom-color: #333333 !important;border-bottom-style: solid !important;}&#8221; el_class=&#8221;homepage-service&#8221;][vc_column width=&#8221;1\/2&#8243; css=&#8221;.vc_custom_1526649829873{padding-top: 0px !important;}&#8221;][vc_column_text css=&#8221;.vc_custom_1674385260308{margin-bottom: 0px !important;padding-top: 0px !important;}&#8221;]Un&hellip;<\/p>\n","protected":false},"author":1,"featured_media":5510,"parent":0,"menu_order":0,"comment_status":"closed","ping_status":"closed","template":"","meta":{"inline_featured_image":false},"acf":[],"_links":{"self":[{"href":"https:\/\/arkespace.com\/index.php?rest_route=\/wp\/v2\/pages\/5464"}],"collection":[{"href":"https:\/\/arkespace.com\/index.php?rest_route=\/wp\/v2\/pages"}],"about":[{"href":"https:\/\/arkespace.com\/index.php?rest_route=\/wp\/v2\/types\/page"}],"author":[{"embeddable":true,"href":"https:\/\/arkespace.com\/index.php?rest_route=\/wp\/v2\/users\/1"}],"replies":[{"embeddable":true,"href":"https:\/\/arkespace.com\/index.php?rest_route=%2Fwp%2Fv2%2Fcomments&post=5464"}],"version-history":[{"count":3,"href":"https:\/\/arkespace.com\/index.php?rest_route=\/wp\/v2\/pages\/5464\/revisions"}],"predecessor-version":[{"id":5467,"href":"https:\/\/arkespace.com\/index.php?rest_route=\/wp\/v2\/pages\/5464\/revisions\/5467"}],"wp:featuredmedia":[{"embeddable":true,"href":"https:\/\/arkespace.com\/index.php?rest_route=\/wp\/v2\/media\/5510"}],"wp:attachment":[{"href":"https:\/\/arkespace.com\/index.php?rest_route=%2Fwp%2Fv2%2Fmedia&parent=5464"}],"curies":[{"name":"wp","href":"https:\/\/api.w.org\/{rel}","templated":true}]}}